{"id":173,"date":"2016-04-02T08:18:24","date_gmt":"2016-04-02T06:18:24","guid":{"rendered":"http:\/\/goldmeble.com.pl\/?page_id=173"},"modified":"2020-11-24T09:00:38","modified_gmt":"2020-11-24T07:00:38","slug":"o-nas","status":"publish","type":"page","link":"https:\/\/goldmeble.com.pl\/?page_id=173","title":{"rendered":"O NAS"},"content":{"rendered":"<p style=\"text-align: center;\"><strong>Witaj Szanowny Kliencie.<\/strong><\/p>\n<p style=\"text-align: center;\"><i>Nasz zak\u0142ad powsta\u0142 w 2011r. Od pocz\u0105tku naszej dzia\u0142alno\u015bci <\/i><\/p>\n<p style=\"text-align: center;\"><i>produkcyjnej k\u0142adli\u015bmy nacisk na jako\u015b\u0107 i zadowolenie klient\u00f3w. <\/i><\/p>\n<p style=\"text-align: center;\"><i>Efektem jest \u015bwietnie prosperuj\u0105cy zak\u0142ad z wykwalifikowan\u0105 kadr\u0105, <\/i><\/p>\n<p style=\"text-align: center;\"><i>produkuj\u0105cy wysokiej klasy lakierowane fronty meblowe. <\/i><\/p>\n<p style=\"text-align: center;\"><i>Wsp\u00f3\u0142pracujemy z najlepszymi w\u0142oskimi producentami lakier\u00f3w.<\/i><\/p>\n<p style=\"text-align: center;\"><i>Nasi odbiorcy to znane, cenione studia, wytw\u00f3rnie i fabryki mebli. <\/i><\/p>\n<p style=\"text-align: center;\"><i>Zapraszam do wsp\u00f3\u0142pracy.<\/i><\/p>\n<p style=\"text-align: center;\"><b><i>Tomasz Kawa\u0142ko<\/i><\/b><\/p>\n<p style=\"text-align: center;\"><a href=\"http:\/\/goldmeble.com.pl\/wp-content\/uploads\/2020\/11\/LOGO-GOLDMEBLE-GIF.gif\"><img decoding=\"async\" loading=\"lazy\" class=\"alignnone  wp-image-455\" src=\"http:\/\/goldmeble.com.pl\/wp-content\/uploads\/2020\/11\/LOGO-GOLDMEBLE-GIF-300x300.gif\" alt=\"\" width=\"128\" height=\"128\" srcset=\"https:\/\/goldmeble.com.pl\/wp-content\/uploads\/2020\/11\/LOGO-GOLDMEBLE-GIF-300x300.gif 300w, https:\/\/goldmeble.com.pl\/wp-content\/uploads\/2020\/11\/LOGO-GOLDMEBLE-GIF-1021x1024.gif 1021w, https:\/\/goldmeble.com.pl\/wp-content\/uploads\/2020\/11\/LOGO-GOLDMEBLE-GIF-150x150.gif 150w, https:\/\/goldmeble.com.pl\/wp-content\/uploads\/2020\/11\/LOGO-GOLDMEBLE-GIF-768x770.gif 768w\" sizes=\"(max-width: 128px) 100vw, 128px\" \/><\/a><\/p>\n<p style=\"text-align: center;\">\u00a0<\/p>\n\n\n<p><\/p>\n","protected":false},"excerpt":{"rendered":"<p>Witaj Szanowny Kliencie. Nasz zak\u0142ad powsta\u0142 w 2011r. Od pocz\u0105tku naszej dzia\u0142alno\u015bci produkcyjnej k\u0142adli\u015bmy nacisk na jako\u015b\u0107 i zadowolenie klient\u00f3w. Efektem jest \u015bwietnie prosperuj\u0105cy zak\u0142ad z wykwalifikowan\u0105 kadr\u0105, produkuj\u0105cy wysokiej klasy lakierowane fronty meblowe. Wsp\u00f3\u0142pracujemy z najlepszymi w\u0142oskimi producentami lakier\u00f3w. Nasi odbiorcy to znane, cenione studia, wytw\u00f3rnie i fabryki mebli. [&hellip;]<\/p>\n","protected":false},"author":1,"featured_media":0,"parent":0,"menu_order":0,"comment_status":"closed","ping_status":"closed","template":"","meta":{"ngg_post_thumbnail":0},"_links":{"self":[{"href":"https:\/\/goldmeble.com.pl\/index.php?rest_route=\/wp\/v2\/pages\/173"}],"collection":[{"href":"https:\/\/goldmeble.com.pl\/index.php?rest_route=\/wp\/v2\/pages"}],"about":[{"href":"https:\/\/goldmeble.com.pl\/index.php?rest_route=\/wp\/v2\/types\/page"}],"author":[{"embeddable":true,"href":"https:\/\/goldmeble.com.pl\/index.php?rest_route=\/wp\/v2\/users\/1"}],"replies":[{"embeddable":true,"href":"https:\/\/goldmeble.com.pl\/index.php?rest_route=%2Fwp%2Fv2%2Fcomments&post=173"}],"version-history":[{"count":11,"href":"https:\/\/goldmeble.com.pl\/index.php?rest_route=\/wp\/v2\/pages\/173\/revisions"}],"predecessor-version":[{"id":457,"href":"https:\/\/goldmeble.com.pl\/index.php?rest_route=\/wp\/v2\/pages\/173\/revisions\/457"}],"wp:attachment":[{"href":"https:\/\/goldmeble.com.pl\/index.php?rest_route=%2Fwp%2Fv2%2Fmedia&parent=173"}],"curies":[{"name":"wp","href":"https:\/\/api.w.org\/{rel}","templated":true}]}}