{"id":369,"date":"2017-04-19T12:18:12","date_gmt":"2017-04-19T10:18:12","guid":{"rendered":"http:\/\/goldmeble.com.pl\/?page_id=369"},"modified":"2020-11-24T17:05:30","modified_gmt":"2020-11-24T15:05:30","slug":"praca","status":"publish","type":"page","link":"https:\/\/goldmeble.com.pl\/?page_id=369","title":{"rendered":"KARIERA"},"content":{"rendered":"<h3 style=\"text-align: center;\"><\/h3>\n<p style=\"text-align: center;\"><a href=\"http:\/\/goldmeble.com.pl\/wp-content\/uploads\/2017\/04\/jest-praca.jpg\"><img decoding=\"async\" loading=\"lazy\" class=\"alignnone size-medium wp-image-375\" src=\"http:\/\/goldmeble.com.pl\/wp-content\/uploads\/2017\/04\/jest-praca-300x167.jpg\" alt=\"\" width=\"300\" height=\"167\" srcset=\"https:\/\/goldmeble.com.pl\/wp-content\/uploads\/2017\/04\/jest-praca-300x167.jpg 300w, https:\/\/goldmeble.com.pl\/wp-content\/uploads\/2017\/04\/jest-praca-768x427.jpg 768w, https:\/\/goldmeble.com.pl\/wp-content\/uploads\/2017\/04\/jest-praca.jpg 800w\" sizes=\"(max-width: 300px) 100vw, 300px\" \/><\/a><\/p>\n<h3 style=\"text-align: center;\">Jeste\u015bmy pr\u0119\u017cnie rozwijaj\u0105c\u0105 si\u0119 firm\u0105, tworz\u0105c\u0105 nowe miejsca pracy. Je\u015bli jeste\u015b dok\u0142adny, sumienny, pracowity i masz do\u015bwiadczenie w bran\u017cy, zapraszamy do kontaktu:<\/h3>\n<h3 style=\"text-align: center;\">693 993 897<\/h3>\n<h3 style=\"text-align: center;\"><a href=\"http:\/\/goldmeble.com.pl\/wp-content\/uploads\/2020\/11\/LOGO-GOLDMEBLE-GIF.gif\"><img decoding=\"async\" loading=\"lazy\" src=\"http:\/\/goldmeble.com.pl\/wp-content\/uploads\/2020\/11\/LOGO-GOLDMEBLE-GIF-300x300.gif\" alt=\"\" width=\"124\" height=\"124\" class=\"alignnone  wp-image-455\" srcset=\"https:\/\/goldmeble.com.pl\/wp-content\/uploads\/2020\/11\/LOGO-GOLDMEBLE-GIF-300x300.gif 300w, https:\/\/goldmeble.com.pl\/wp-content\/uploads\/2020\/11\/LOGO-GOLDMEBLE-GIF-1021x1024.gif 1021w, https:\/\/goldmeble.com.pl\/wp-content\/uploads\/2020\/11\/LOGO-GOLDMEBLE-GIF-150x150.gif 150w, https:\/\/goldmeble.com.pl\/wp-content\/uploads\/2020\/11\/LOGO-GOLDMEBLE-GIF-768x770.gif 768w\" sizes=\"(max-width: 124px) 100vw, 124px\" \/><\/a><\/h3>\n","protected":false},"excerpt":{"rendered":"<p>Jeste\u015bmy pr\u0119\u017cnie rozwijaj\u0105c\u0105 si\u0119 firm\u0105, tworz\u0105c\u0105 nowe miejsca pracy. Je\u015bli jeste\u015b dok\u0142adny, sumienny, pracowity i masz do\u015bwiadczenie w bran\u017cy, zapraszamy do kontaktu: 693 993 897<\/p>\n","protected":false},"author":1,"featured_media":0,"parent":0,"menu_order":0,"comment_status":"closed","ping_status":"closed","template":"","meta":{"ngg_post_thumbnail":0},"_links":{"self":[{"href":"https:\/\/goldmeble.com.pl\/index.php?rest_route=\/wp\/v2\/pages\/369"}],"collection":[{"href":"https:\/\/goldmeble.com.pl\/index.php?rest_route=\/wp\/v2\/pages"}],"about":[{"href":"https:\/\/goldmeble.com.pl\/index.php?rest_route=\/wp\/v2\/types\/page"}],"author":[{"embeddable":true,"href":"https:\/\/goldmeble.com.pl\/index.php?rest_route=\/wp\/v2\/users\/1"}],"replies":[{"embeddable":true,"href":"https:\/\/goldmeble.com.pl\/index.php?rest_route=%2Fwp%2Fv2%2Fcomments&post=369"}],"version-history":[{"count":7,"href":"https:\/\/goldmeble.com.pl\/index.php?rest_route=\/wp\/v2\/pages\/369\/revisions"}],"predecessor-version":[{"id":743,"href":"https:\/\/goldmeble.com.pl\/index.php?rest_route=\/wp\/v2\/pages\/369\/revisions\/743"}],"wp:attachment":[{"href":"https:\/\/goldmeble.com.pl\/index.php?rest_route=%2Fwp%2Fv2%2Fmedia&parent=369"}],"curies":[{"name":"wp","href":"https:\/\/api.w.org\/{rel}","templated":true}]}}