{"id":583,"date":"2020-11-24T11:50:21","date_gmt":"2020-11-24T09:50:21","guid":{"rendered":"http:\/\/goldmeble.com.pl\/?page_id=583"},"modified":"2020-11-24T11:50:21","modified_gmt":"2020-11-24T09:50:21","slug":"witaj-w-naszym-swiecie-frontow-goldmeble-rozgosc-sie","status":"publish","type":"page","link":"https:\/\/goldmeble.com.pl\/","title":{"rendered":"Witaj w naszym \u015bwiecie front\u00f3w GOLDMEBLE&#8230; rozgo\u015b\u0107 si\u0119 :-)"},"content":{"rendered":"","protected":false},"excerpt":{"rendered":"","protected":false},"author":1,"featured_media":0,"parent":0,"menu_order":0,"comment_status":"closed","ping_status":"closed","template":"","meta":{"ngg_post_thumbnail":0},"_links":{"self":[{"href":"https:\/\/goldmeble.com.pl\/index.php?rest_route=\/wp\/v2\/pages\/583"}],"collection":[{"href":"https:\/\/goldmeble.com.pl\/index.php?rest_route=\/wp\/v2\/pages"}],"about":[{"href":"https:\/\/goldmeble.com.pl\/index.php?rest_route=\/wp\/v2\/types\/page"}],"author":[{"embeddable":true,"href":"https:\/\/goldmeble.com.pl\/index.php?rest_route=\/wp\/v2\/users\/1"}],"replies":[{"embeddable":true,"href":"https:\/\/goldmeble.com.pl\/index.php?rest_route=%2Fwp%2Fv2%2Fcomments&post=583"}],"version-history":[{"count":1,"href":"https:\/\/goldmeble.com.pl\/index.php?rest_route=\/wp\/v2\/pages\/583\/revisions"}],"predecessor-version":[{"id":585,"href":"https:\/\/goldmeble.com.pl\/index.php?rest_route=\/wp\/v2\/pages\/583\/revisions\/585"}],"wp:attachment":[{"href":"https:\/\/goldmeble.com.pl\/index.php?rest_route=%2Fwp%2Fv2%2Fmedia&parent=583"}],"curies":[{"name":"wp","href":"https:\/\/api.w.org\/{rel}","templated":true}]}}